{"id":26,"date":"2024-04-22T17:10:22","date_gmt":"2024-04-22T15:10:22","guid":{"rendered":"https:\/\/stbstrecker.de\/das-unternehmen\/startseite\/"},"modified":"2024-05-06T13:32:22","modified_gmt":"2024-05-06T11:32:22","slug":"startseite","status":"publish","type":"page","link":"https:\/\/stbstrecker.de\/das-unternehmen\/","title":{"rendered":"Start"},"content":{"rendered":"\n    \n    <section class=\"u-align-right u-clearfix u-image lazyload u-section-2\" id=\"carousel_5f58\" data-image-width=\"1125\" data-image-height=\"750\" data-bg=\"url(&quot;https:\/\/stbstrecker.de\/das-unternehmen\/wp-content\/uploads\/sites\/4\/2024\/04\/pexels-photo-5668765.jpeg&quot;)\">\n      <div class=\"u-clearfix u-sheet u-valign-middle u-sheet-1\">\n        <div class=\"u-align-right u-border-8 u-border-white u-container-style u-group u-shape-rectangle u-group-1\">\n          <div class=\"u-container-layout u-container-layout-1\">\n            <h1 class=\"u-align-left u-text u-text-palette-1-base u-text-1\">Jocken Strecker<\/h1>\n            <img class=\"u-image u-image-contain u-image-default u-preserve-proportions lazyload u-image-1\" alt=\"\" data-image-width=\"508\" data-image-height=\"508\" data-src=\"https:\/\/stbstrecker.de\/das-unternehmen\/wp-content\/uploads\/sites\/4\/2024\/04\/Logo_Strecker_Icon-1.webp\">\n            <h3 class=\"u-align-left u-text u-text-palette-1-base u-text-2\">Rechtsanwalt und Steuerberater<\/h3>\n          <\/div>\n        <\/div>\n      <\/div>\n    <\/section>\n    <section class=\"u-clearfix u-section-3\" id=\"sec-b207\">\n      <div class=\"u-clearfix u-sheet u-sheet-1\">\n        <div class=\"u-container-style u-expanded-width u-group u-group-1\">\n          <div class=\"u-container-layout u-container-layout-1\">\n            <p class=\"u-text u-text-1\">Bei Jochen Strecker - Rechtsanwalt &amp; Steuerberater sind wir stolz darauf, unseren Mandanten umfassende rechtliche und steuerliche Unterst\u00fctzung auf h\u00f6chstem Niveau zu bieten.&nbsp;<br>\n              <br>Unser Ziel ist es, eine vertrauensvolle Partnerschaft mit unseren Mandanten aufzubauen und individuelle L\u00f6sungen zu entwickeln, die ihren Bed\u00fcrfnissen und Zielen gerecht werden. Wir legen Wert auf Transparenz, Verst\u00e4ndnis und Effizienz und streben danach, f\u00fcr jedes Anliegen die bestm\u00f6gliche L\u00f6sung zu finden.&nbsp;Unser engagiertes <a href=\"https:\/\/stbstrecker.de\/das-unternehmen\/team\/\" class=\"u-active-none u-border-none u-btn u-button-link u-button-style u-hover-none u-none u-text-palette-1-base u-btn-1\">Team<\/a> ist durch Fachwissen, Engagement und pers\u00f6nlichen Service gerne Ihr Ansprechpartner.<br>\n              <br>Durch unsere interdisziplin\u00e4re Zusammenarbeit zwischen Rechts- und Steuerberatung bieten wir einen ganzheitlichen Ansatz, der es uns erm\u00f6glicht, ma\u00dfgeschneiderte Strategien zu entwickeln und komplexe rechtliche und steuerliche Herausforderungen erfolgreich zu bew\u00e4ltigen.<br>\n              <br>Vertrauen Sie auf Jochen Strecker - Rechtsanwalt &amp; Steuerberater als Ihren verl\u00e4sslichen Partner f\u00fcr rechtliche und steuerliche Angelegenheiten. \n            <\/p>\n          <\/div>\n        <\/div>\n      <\/div>\n    <\/section>\n    \n    \n    \n  \n","protected":false},"excerpt":{"rendered":"<p>Jocken Strecker Rechtsanwalt und Steuerberater Bei Jochen Strecker &#8211; Rechtsanwalt &amp; Steuerberater sind wir stolz darauf, unseren Mandanten umfassende rechtliche und steuerliche Unterst\u00fctzung auf h\u00f6chstem Niveau zu bieten.&nbsp; Unser Ziel ist es, eine vertrauensvolle Partnerschaft mit unseren Mandanten aufzubauen und individuelle L\u00f6sungen zu entwickeln, die ihren Bed\u00fcrfnissen und Zielen gerecht werden. Wir legen Wert auf &hellip; <a href=\"https:\/\/stbstrecker.de\/das-unternehmen\/\" class=\"more-link\">Continue reading<span class=\"screen-reader-text\"> &#8222;Start&#8220;<\/span><\/a><\/p>\n","protected":false},"author":1,"featured_media":0,"parent":0,"menu_order":4,"comment_status":"closed","ping_status":"closed","template":"","meta":{"footnotes":""},"class_list":["post-26","page","type-page","status-publish","hentry"],"_links":{"self":[{"href":"https:\/\/stbstrecker.de\/das-unternehmen\/wp-json\/wp\/v2\/pages\/26","targetHints":{"allow":["GET"]}}],"collection":[{"href":"https:\/\/stbstrecker.de\/das-unternehmen\/wp-json\/wp\/v2\/pages"}],"about":[{"href":"https:\/\/stbstrecker.de\/das-unternehmen\/wp-json\/wp\/v2\/types\/page"}],"author":[{"embeddable":true,"href":"https:\/\/stbstrecker.de\/das-unternehmen\/wp-json\/wp\/v2\/users\/1"}],"replies":[{"embeddable":true,"href":"https:\/\/stbstrecker.de\/das-unternehmen\/wp-json\/wp\/v2\/comments?post=26"}],"version-history":[{"count":4,"href":"https:\/\/stbstrecker.de\/das-unternehmen\/wp-json\/wp\/v2\/pages\/26\/revisions"}],"predecessor-version":[{"id":60,"href":"https:\/\/stbstrecker.de\/das-unternehmen\/wp-json\/wp\/v2\/pages\/26\/revisions\/60"}],"wp:attachment":[{"href":"https:\/\/stbstrecker.de\/das-unternehmen\/wp-json\/wp\/v2\/media?parent=26"}],"curies":[{"name":"wp","href":"https:\/\/api.w.org\/{rel}","templated":true}]}}