{"id":31,"date":"2024-04-22T15:52:44","date_gmt":"2024-04-22T13:52:44","guid":{"rendered":"https:\/\/stbstrecker.de\/recht\/startseite\/"},"modified":"2024-05-06T17:02:08","modified_gmt":"2024-05-06T15:02:08","slug":"start","status":"publish","type":"page","link":"https:\/\/stbstrecker.de\/recht\/","title":{"rendered":"Start"},"content":{"rendered":"\n    \n    <section class=\"u-align-right u-clearfix u-image lazyload u-section-2\" id=\"carousel_5f58\" data-image-width=\"1125\" data-image-height=\"750\" data-bg=\"url(&quot;https:\/\/stbstrecker.de\/recht\/wp-content\/uploads\/sites\/2\/2024\/04\/pexels-photo-5668765.jpeg&quot;)\">\n      <div class=\"u-clearfix u-sheet u-valign-middle u-sheet-1\">\n        <div class=\"u-align-center u-border-8 u-border-white u-container-style u-group u-shape-rectangle u-group-1\">\n          <div class=\"u-container-layout u-container-layout-1\">\n            <h1 class=\"u-text u-text-palette-1-base u-text-1\">Jocken Strecker<\/h1>\n            <img class=\"u-image u-image-contain u-image-default u-preserve-proportions lazyload u-image-1\" alt=\"\" data-image-width=\"508\" data-image-height=\"508\" data-src=\"https:\/\/stbstrecker.de\/recht\/wp-content\/uploads\/sites\/2\/2024\/04\/Logo_Strecker_Icon-1.webp\">\n            <h3 class=\"u-text u-text-palette-1-base u-text-2\">Rechtsanwalt<\/h3>\n          <\/div>\n        <\/div>\n      <\/div>\n    <\/section>\n    <section class=\"u-clearfix u-section-3\" id=\"sec-b207\">\n      <div class=\"u-clearfix u-sheet u-sheet-1\">\n        <div class=\"u-container-style u-expanded-width u-group u-group-1\">\n          <div class=\"u-container-layout u-container-layout-1\">\n            <h1 class=\"u-text u-text-default u-text-palette-1-base u-text-1\">Rechtsberatung bei Jochen Strecker <\/h1>\n            <p class=\"u-text u-text-default u-text-2\">Bei Rechtsanwalt &amp; Steuerberater Strecker stehen wir unseren Mandanten mit fundierter rechtlicher Expertise und Engagement zur Seite. Unser Team erfahrener Rechtsanw\u00e4lte bietet eine Vielzahl von juristischen Dienstleistungen an, um die rechtlichen Bed\u00fcrfnisse unserer Mandanten zu erf\u00fcllen und ihre Interessen zu sch\u00fctzen.Wir bieten Beratung und Vertretung in verschiedenen Rechtsgebieten, einschlie\u00dflich Arbeitsrecht, Vertragsrecht, Familienrecht, Erbrecht und vielem mehr. Unsere Anw\u00e4lte sind bestrebt, individuelle L\u00f6sungen zu entwickeln, die auf die spezifischen Bed\u00fcrfnisse und Ziele unserer Mandanten zugeschnitten sind.Wir verstehen die Bedeutung einer vertrauensvollen Partnerschaft und legen Wert auf eine enge Zusammenarbeit mit unseren Mandanten, um deren rechtliche Angelegenheiten effektiv zu l\u00f6sen. Mit Professionalit\u00e4t, Integrit\u00e4t und pers\u00f6nlichem Service streben wir danach, unseren Mandanten eine herausragende juristische Beratung zu bieten.Vertrauen Sie auf Rechtsanwalt &amp; Steuerberater Strecker als Ihren verl\u00e4sslichen Partner f\u00fcr alle rechtlichen Angelegenheiten. <\/p>\n          <\/div>\n        <\/div>\n      <\/div>\n    <\/section>\n    \n    \n    \n  \n","protected":false},"excerpt":{"rendered":"<p>Jocken Strecker Rechtsanwalt Rechtsberatung bei Jochen Strecker Bei Rechtsanwalt &amp; Steuerberater Strecker stehen wir unseren Mandanten mit fundierter rechtlicher Expertise und Engagement zur Seite. Unser Team erfahrener Rechtsanw\u00e4lte bietet eine Vielzahl von juristischen Dienstleistungen an, um die rechtlichen Bed\u00fcrfnisse unserer Mandanten zu erf\u00fcllen und ihre Interessen zu sch\u00fctzen.Wir bieten Beratung und Vertretung in verschiedenen Rechtsgebieten, &hellip; <a href=\"https:\/\/stbstrecker.de\/recht\/\" class=\"more-link\">Continue reading<span class=\"screen-reader-text\"> &#8222;Start&#8220;<\/span><\/a><\/p>\n","protected":false},"author":1,"featured_media":0,"parent":0,"menu_order":4,"comment_status":"closed","ping_status":"closed","template":"","meta":{"footnotes":""},"class_list":["post-31","page","type-page","status-publish","hentry"],"_links":{"self":[{"href":"https:\/\/stbstrecker.de\/recht\/wp-json\/wp\/v2\/pages\/31","targetHints":{"allow":["GET"]}}],"collection":[{"href":"https:\/\/stbstrecker.de\/recht\/wp-json\/wp\/v2\/pages"}],"about":[{"href":"https:\/\/stbstrecker.de\/recht\/wp-json\/wp\/v2\/types\/page"}],"author":[{"embeddable":true,"href":"https:\/\/stbstrecker.de\/recht\/wp-json\/wp\/v2\/users\/1"}],"replies":[{"embeddable":true,"href":"https:\/\/stbstrecker.de\/recht\/wp-json\/wp\/v2\/comments?post=31"}],"version-history":[{"count":5,"href":"https:\/\/stbstrecker.de\/recht\/wp-json\/wp\/v2\/pages\/31\/revisions"}],"predecessor-version":[{"id":61,"href":"https:\/\/stbstrecker.de\/recht\/wp-json\/wp\/v2\/pages\/31\/revisions\/61"}],"wp:attachment":[{"href":"https:\/\/stbstrecker.de\/recht\/wp-json\/wp\/v2\/media?parent=31"}],"curies":[{"name":"wp","href":"https:\/\/api.w.org\/{rel}","templated":true}]}}