{"id":27,"date":"2024-04-22T16:19:20","date_gmt":"2024-04-22T14:19:20","guid":{"rendered":"https:\/\/stbstrecker.de\/steuer\/startseite\/"},"modified":"2024-05-06T13:42:14","modified_gmt":"2024-05-06T11:42:14","slug":"startseite","status":"publish","type":"page","link":"https:\/\/stbstrecker.de\/steuer\/","title":{"rendered":"Start"},"content":{"rendered":"<div class=\"\" style=\"\" >\n    \n    <section class=\"u-align-right u-clearfix u-image lazyload u-section-2\" id=\"carousel_5f58\" data-image-width=\"1125\" data-image-height=\"750\" data-bg=\"url(&quot;https:\/\/stbstrecker.de\/steuer\/wp-content\/uploads\/sites\/3\/2024\/04\/pexels-photo-5668765.jpeg&quot;)\">\n      <div class=\"u-clearfix u-sheet u-valign-middle u-sheet-1\">\n        <div class=\"u-align-center u-border-8 u-border-white u-container-style u-group u-shape-rectangle u-group-1\">\n          <div class=\"u-container-layout u-container-layout-1\">\n            <h1 class=\"u-text u-text-palette-1-base u-text-1\">Jocken Strecker<\/h1>\n            <img class=\"u-image u-image-contain u-image-default u-preserve-proportions lazyload u-image-1\" alt=\"\" data-image-width=\"508\" data-image-height=\"508\" data-src=\"https:\/\/stbstrecker.de\/steuer\/wp-content\/uploads\/sites\/3\/2024\/04\/Logo_Strecker_Icon-1.webp\">\n            <h3 class=\"u-text u-text-palette-1-base u-text-2\">Steuerberater<\/h3>\n          <\/div>\n        <\/div>\n      <\/div>\n    <\/section>\n    <section class=\"u-clearfix u-section-3\" id=\"sec-b207\">\n      <div class=\"u-clearfix u-sheet u-sheet-1\">\n        <div class=\"u-container-style u-expanded-width u-group u-group-1\">\n          <div class=\"u-container-layout u-valign-top u-container-layout-1\">\n            <h1 class=\"u-text u-text-default u-text-palette-1-base u-text-1\">Steuerberatung bei Jochen Strecker <\/h1>\n            <p class=\"u-text u-text-default u-text-2\">Wir konzentrieren uns leidenschaftlich darauf, unseren Mandanten in allen steuerlichen Belangen zu dienen. Unser Team ist bestrebt, unseren Mandanten dabei zu helfen, ihre steuerlichen Verpflichtungen zu verstehen, zu optimieren und zu erf\u00fcllen.<br>\n              <br>Wir bieten eine breite Palette von Dienstleistungen an, darunter die Erstellung von Steuererkl\u00e4rungen, steuerliche Planung und Beratung, Vertretung bei Betriebspr\u00fcfungen sowie Unterst\u00fctzung bei steuerlichen Fragen im Zusammenhang mit Unternehmensgr\u00fcndungen, Umstrukturierungen und Nachfolgeregelungen.<br>\n              <br>Wir arbeiten eng mit unseren Mandanten zusammen, um ma\u00dfgeschneiderte L\u00f6sungen zu entwickeln, die ihren individuellen Bed\u00fcrfnissen und Zielen entsprechen. Wir legen Wert auf Professionalit\u00e4t, Integrit\u00e4t und pers\u00f6nlichen Service und streben danach, unseren Mandanten eine erstklassige steuerliche Beratung zu bieten. \n            <\/p>\n          <\/div>\n        <\/div>\n      <\/div>\n    <\/section>\n    \n    \n    \n  \n<\/div>","protected":false},"excerpt":{"rendered":"<p>Jocken Strecker Steuerberater Steuerberatung bei Jochen Strecker Wir konzentrieren uns leidenschaftlich darauf, unseren Mandanten in allen steuerlichen Belangen zu dienen. Unser Team ist bestrebt, unseren Mandanten dabei zu helfen, ihre steuerlichen Verpflichtungen zu verstehen, zu optimieren und zu erf\u00fcllen. Wir bieten eine breite Palette von Dienstleistungen an, darunter die Erstellung von Steuererkl\u00e4rungen, steuerliche Planung und [&hellip;]<\/p>\n","protected":false},"author":1,"featured_media":0,"parent":0,"menu_order":4,"comment_status":"closed","ping_status":"closed","template":"","meta":{"footnotes":""},"class_list":["post-27","page","type-page","status-publish","hentry"],"_links":{"self":[{"href":"https:\/\/stbstrecker.de\/steuer\/wp-json\/wp\/v2\/pages\/27","targetHints":{"allow":["GET"]}}],"collection":[{"href":"https:\/\/stbstrecker.de\/steuer\/wp-json\/wp\/v2\/pages"}],"about":[{"href":"https:\/\/stbstrecker.de\/steuer\/wp-json\/wp\/v2\/types\/page"}],"author":[{"embeddable":true,"href":"https:\/\/stbstrecker.de\/steuer\/wp-json\/wp\/v2\/users\/1"}],"replies":[{"embeddable":true,"href":"https:\/\/stbstrecker.de\/steuer\/wp-json\/wp\/v2\/comments?post=27"}],"version-history":[{"count":5,"href":"https:\/\/stbstrecker.de\/steuer\/wp-json\/wp\/v2\/pages\/27\/revisions"}],"predecessor-version":[{"id":57,"href":"https:\/\/stbstrecker.de\/steuer\/wp-json\/wp\/v2\/pages\/27\/revisions\/57"}],"wp:attachment":[{"href":"https:\/\/stbstrecker.de\/steuer\/wp-json\/wp\/v2\/media?parent=27"}],"curies":[{"name":"wp","href":"https:\/\/api.w.org\/{rel}","templated":true}]}}